{"id":1637,"date":"2025-11-29T21:11:39","date_gmt":"2025-11-29T20:11:39","guid":{"rendered":"https:\/\/kathleenleroy.eu\/?post_type=product&#038;p=1637"},"modified":"2025-11-29T21:23:05","modified_gmt":"2025-11-29T20:23:05","slug":"cours-creez-vos-boucles-doreilles-en-ceramique","status":"publish","type":"product","link":"https:\/\/kathleenleroy.eu\/index.php\/product\/cours-creez-vos-boucles-doreilles-en-ceramique\/","title":{"rendered":"Cours : cr\u00e9ez vos boucles d&rsquo;oreilles en c\u00e9ramique"},"content":{"rendered":"<p>R\u00e9alisez des boucles d&rsquo;oreilles uniques en utilisant diff\u00e9rentes terres et techniques de d\u00e9cors pour cr\u00e9er des pi\u00e8ces qui vous ressemblent<\/p>\n","protected":false},"excerpt":{"rendered":"<p>R\u00e9alisez des boucles d&rsquo;oreilles uniques en utilisant diff\u00e9rentes terres et techniques de d\u00e9cors pour cr\u00e9er des pi\u00e8ces qui vous ressemblent<\/p>\n","protected":false},"featured_media":1638,"comment_status":"open","ping_status":"closed","template":"","meta":{"_uag_custom_page_level_css":""},"product_brand":[],"product_cat":[35],"product_tag":[],"class_list":{"0":"post-1637","1":"product","2":"type-product","3":"status-publish","4":"has-post-thumbnail","6":"product_cat-cours","8":"first","9":"instock","10":"shipping-taxable","11":"purchasable","12":"product-type-simple"},"uagb_featured_image_src":{"full":["https:\/\/kathleenleroy.eu\/wp-content\/uploads\/2025\/11\/WhatsApp-Image-2025-11-25-at-12.13.14.jpeg",1600,1201,false],"thumbnail":["https:\/\/kathleenleroy.eu\/wp-content\/uploads\/2025\/11\/WhatsApp-Image-2025-11-25-at-12.13.14-150x150.jpeg",150,150,true],"medium":["https:\/\/kathleenleroy.eu\/wp-content\/uploads\/2025\/11\/WhatsApp-Image-2025-11-25-at-12.13.14-300x225.jpeg",300,225,true],"medium_large":["https:\/\/kathleenleroy.eu\/wp-content\/uploads\/2025\/11\/WhatsApp-Image-2025-11-25-at-12.13.14-768x576.jpeg",768,576,true],"large":["https:\/\/kathleenleroy.eu\/wp-content\/uploads\/2025\/11\/WhatsApp-Image-2025-11-25-at-12.13.14-1024x769.jpeg",1024,769,true],"1536x1536":["https:\/\/kathleenleroy.eu\/wp-content\/uploads\/2025\/11\/WhatsApp-Image-2025-11-25-at-12.13.14-1536x1153.jpeg",1536,1153,true],"2048x2048":["https:\/\/kathleenleroy.eu\/wp-content\/uploads\/2025\/11\/WhatsApp-Image-2025-11-25-at-12.13.14.jpeg",1600,1201,false],"mailpoet_newsletter_max":["https:\/\/kathleenleroy.eu\/wp-content\/uploads\/2025\/11\/WhatsApp-Image-2025-11-25-at-12.13.14-1320x991.jpeg",1320,991,true],"woocommerce_thumbnail":["https:\/\/kathleenleroy.eu\/wp-content\/uploads\/2025\/11\/WhatsApp-Image-2025-11-25-at-12.13.14-300x300.jpeg",300,300,true],"woocommerce_single":["https:\/\/kathleenleroy.eu\/wp-content\/uploads\/2025\/11\/WhatsApp-Image-2025-11-25-at-12.13.14-600x450.jpeg",600,450,true],"woocommerce_gallery_thumbnail":["https:\/\/kathleenleroy.eu\/wp-content\/uploads\/2025\/11\/WhatsApp-Image-2025-11-25-at-12.13.14-100x100.jpeg",100,100,true]},"uagb_author_info":{"display_name":"admin7184","author_link":"https:\/\/kathleenleroy.eu\/index.php\/author\/"},"uagb_comment_info":0,"uagb_excerpt":"R\u00e9alisez des boucles d'oreilles uniques en utilisant diff\u00e9rentes terres et techniques de d\u00e9cors pour cr\u00e9er des pi\u00e8ces qui vous ressemblent","jetpack_sharing_enabled":true,"_links":{"self":[{"href":"https:\/\/kathleenleroy.eu\/index.php\/wp-json\/wp\/v2\/product\/1637","targetHints":{"allow":["GET"]}}],"collection":[{"href":"https:\/\/kathleenleroy.eu\/index.php\/wp-json\/wp\/v2\/product"}],"about":[{"href":"https:\/\/kathleenleroy.eu\/index.php\/wp-json\/wp\/v2\/types\/product"}],"replies":[{"embeddable":true,"href":"https:\/\/kathleenleroy.eu\/index.php\/wp-json\/wp\/v2\/comments?post=1637"}],"wp:featuredmedia":[{"embeddable":true,"href":"https:\/\/kathleenleroy.eu\/index.php\/wp-json\/wp\/v2\/media\/1638"}],"wp:attachment":[{"href":"https:\/\/kathleenleroy.eu\/index.php\/wp-json\/wp\/v2\/media?parent=1637"}],"wp:term":[{"taxonomy":"product_brand","embeddable":true,"href":"https:\/\/kathleenleroy.eu\/index.php\/wp-json\/wp\/v2\/product_brand?post=1637"},{"taxonomy":"product_cat","embeddable":true,"href":"https:\/\/kathleenleroy.eu\/index.php\/wp-json\/wp\/v2\/product_cat?post=1637"},{"taxonomy":"product_tag","embeddable":true,"href":"https:\/\/kathleenleroy.eu\/index.php\/wp-json\/wp\/v2\/product_tag?post=1637"}],"curies":[{"name":"wp","href":"https:\/\/api.w.org\/{rel}","templated":true}]}}