{"id":1631,"date":"2025-11-28T17:59:58","date_gmt":"2025-11-28T16:59:58","guid":{"rendered":"https:\/\/kathleenleroy.eu\/?post_type=product&#038;p=1631"},"modified":"2025-11-28T17:59:58","modified_gmt":"2025-11-28T16:59:58","slug":"tasse-mousse","status":"publish","type":"product","link":"https:\/\/kathleenleroy.eu\/index.php\/product\/tasse-mousse\/","title":{"rendered":"Tasse [Mousse]"},"content":{"rendered":"<p>Tasses r\u00e9alis\u00e9es au tour, \u00e9mail blanc brillant \u00e0 l&rsquo;int\u00e9rieur et superpositions d&rsquo;\u00e9maux sur l&rsquo;ext\u00e9rieur.\u00a0 La superposition produit des effets diff\u00e9rents sur chaque pi\u00e8ce, propice \u00e0 la contemplation.<\/p>\n","protected":false},"excerpt":{"rendered":"<p>Tasses r\u00e9alis\u00e9es au tour, \u00e9mail blanc brillant \u00e0 l&rsquo;int\u00e9rieur et superpositions d&rsquo;\u00e9maux sur l&rsquo;ext\u00e9rieur.\u00a0 La superposition produit des effets diff\u00e9rents sur chaque pi\u00e8ce, propice \u00e0 la contemplation.<\/p>\n","protected":false},"featured_media":1632,"comment_status":"open","ping_status":"closed","template":"","meta":{"_uag_custom_page_level_css":""},"product_brand":[],"product_cat":[31],"product_tag":[],"class_list":{"0":"post-1631","1":"product","2":"type-product","3":"status-publish","4":"has-post-thumbnail","6":"product_cat-autour-de-la-table","8":"first","9":"instock","10":"shipping-taxable","11":"purchasable","12":"product-type-simple"},"uagb_featured_image_src":{"full":["https:\/\/kathleenleroy.eu\/wp-content\/uploads\/2025\/11\/DSC05334-scaled.jpg",2560,1710,false],"thumbnail":["https:\/\/kathleenleroy.eu\/wp-content\/uploads\/2025\/11\/DSC05334-150x150.jpg",150,150,true],"medium":["https:\/\/kathleenleroy.eu\/wp-content\/uploads\/2025\/11\/DSC05334-300x200.jpg",300,200,true],"medium_large":["https:\/\/kathleenleroy.eu\/wp-content\/uploads\/2025\/11\/DSC05334-768x513.jpg",768,513,true],"large":["https:\/\/kathleenleroy.eu\/wp-content\/uploads\/2025\/11\/DSC05334-1024x684.jpg",1024,684,true],"1536x1536":["https:\/\/kathleenleroy.eu\/wp-content\/uploads\/2025\/11\/DSC05334-1536x1026.jpg",1536,1026,true],"2048x2048":["https:\/\/kathleenleroy.eu\/wp-content\/uploads\/2025\/11\/DSC05334-2048x1368.jpg",2048,1368,true],"mailpoet_newsletter_max":["https:\/\/kathleenleroy.eu\/wp-content\/uploads\/2025\/11\/DSC05334-1320x882.jpg",1320,882,true],"woocommerce_thumbnail":["https:\/\/kathleenleroy.eu\/wp-content\/uploads\/2025\/11\/DSC05334-300x300.jpg",300,300,true],"woocommerce_single":["https:\/\/kathleenleroy.eu\/wp-content\/uploads\/2025\/11\/DSC05334-600x401.jpg",600,401,true],"woocommerce_gallery_thumbnail":["https:\/\/kathleenleroy.eu\/wp-content\/uploads\/2025\/11\/DSC05334-100x100.jpg",100,100,true]},"uagb_author_info":{"display_name":"admin7184","author_link":"https:\/\/kathleenleroy.eu\/index.php\/author\/"},"uagb_comment_info":0,"uagb_excerpt":"Tasses r\u00e9alis\u00e9es au tour, \u00e9mail blanc brillant \u00e0 l&rsquo;int\u00e9rieur et superpositions d&rsquo;\u00e9maux sur l&rsquo;ext\u00e9rieur.\u00a0 La superposition produit des effets diff\u00e9rents sur chaque pi\u00e8ce, propice \u00e0 la contemplation.","jetpack_sharing_enabled":true,"_links":{"self":[{"href":"https:\/\/kathleenleroy.eu\/index.php\/wp-json\/wp\/v2\/product\/1631","targetHints":{"allow":["GET"]}}],"collection":[{"href":"https:\/\/kathleenleroy.eu\/index.php\/wp-json\/wp\/v2\/product"}],"about":[{"href":"https:\/\/kathleenleroy.eu\/index.php\/wp-json\/wp\/v2\/types\/product"}],"replies":[{"embeddable":true,"href":"https:\/\/kathleenleroy.eu\/index.php\/wp-json\/wp\/v2\/comments?post=1631"}],"wp:featuredmedia":[{"embeddable":true,"href":"https:\/\/kathleenleroy.eu\/index.php\/wp-json\/wp\/v2\/media\/1632"}],"wp:attachment":[{"href":"https:\/\/kathleenleroy.eu\/index.php\/wp-json\/wp\/v2\/media?parent=1631"}],"wp:term":[{"taxonomy":"product_brand","embeddable":true,"href":"https:\/\/kathleenleroy.eu\/index.php\/wp-json\/wp\/v2\/product_brand?post=1631"},{"taxonomy":"product_cat","embeddable":true,"href":"https:\/\/kathleenleroy.eu\/index.php\/wp-json\/wp\/v2\/product_cat?post=1631"},{"taxonomy":"product_tag","embeddable":true,"href":"https:\/\/kathleenleroy.eu\/index.php\/wp-json\/wp\/v2\/product_tag?post=1631"}],"curies":[{"name":"wp","href":"https:\/\/api.w.org\/{rel}","templated":true}]}}