{"id":1623,"date":"2025-10-19T17:47:50","date_gmt":"2025-10-19T15:47:50","guid":{"rendered":"https:\/\/kathleenleroy.eu\/?post_type=product&#038;p=1623"},"modified":"2025-10-19T17:57:45","modified_gmt":"2025-10-19T15:57:45","slug":"workshop-realisez-votre-miroir-en-ceramique","status":"publish","type":"product","link":"https:\/\/kathleenleroy.eu\/index.php\/product\/workshop-realisez-votre-miroir-en-ceramique\/","title":{"rendered":"Workshop &#8211; r\u00e9alisez votre miroir en c\u00e9ramique"},"content":{"rendered":"<p>\u00c0 partir d\u2019une pr\u00e9sentation de miroirs r\u00e9alis\u00e9s par<br \/>\ndiff\u00e9rents c\u00e9ramistes, vous vous laisserez inspirer<br \/>\npour imaginer le design de votre propre pi\u00e8ce.<\/p>\n<p>Je vous accompagne ensuite dans toutes les \u00e9tapes<br \/>\nde cr\u00e9ation, en explorant les techniques du modelage<br \/>\n: travail \u00e0 la plaque, pinc\u00e9, colombins\u2026<\/p>\n<p>Un atelier pour concevoir un objet \u00e0 votre image, \u00e0 la<br \/>\ncrois\u00e9e du design et de l\u2019expression personnelle<\/p>\n","protected":false},"excerpt":{"rendered":"<p>Cours de 2h &#8211; cuissons et \u00e9maillage par mes soins<\/p>\n","protected":false},"featured_media":1537,"comment_status":"open","ping_status":"closed","template":"","meta":{"_uag_custom_page_level_css":""},"product_brand":[],"product_cat":[35],"product_tag":[],"class_list":{"0":"post-1623","1":"product","2":"type-product","3":"status-publish","4":"has-post-thumbnail","6":"product_cat-cours","8":"first","9":"outofstock","10":"shipping-taxable","11":"purchasable","12":"product-type-variable"},"uagb_featured_image_src":{"full":["https:\/\/kathleenleroy.eu\/wp-content\/uploads\/2025\/06\/2X5A6398-852.jpg",0,0,false],"thumbnail":["https:\/\/kathleenleroy.eu\/wp-content\/uploads\/2025\/06\/2X5A6398-852.jpg",1,1,false],"medium":["https:\/\/kathleenleroy.eu\/wp-content\/uploads\/2025\/06\/2X5A6398-852.jpg",1,1,false],"medium_large":["https:\/\/kathleenleroy.eu\/wp-content\/uploads\/2025\/06\/2X5A6398-852.jpg",1,1,false],"large":["https:\/\/kathleenleroy.eu\/wp-content\/uploads\/2025\/06\/2X5A6398-852.jpg",1,1,false],"1536x1536":["https:\/\/kathleenleroy.eu\/wp-content\/uploads\/2025\/06\/2X5A6398-852.jpg",1,1,false],"2048x2048":["https:\/\/kathleenleroy.eu\/wp-content\/uploads\/2025\/06\/2X5A6398-852.jpg",1,1,false],"mailpoet_newsletter_max":["https:\/\/kathleenleroy.eu\/wp-content\/uploads\/2025\/06\/2X5A6398-852.jpg",1,1,false],"woocommerce_thumbnail":["https:\/\/kathleenleroy.eu\/wp-content\/uploads\/2025\/06\/2X5A6398-852.jpg",1,1,false],"woocommerce_single":["https:\/\/kathleenleroy.eu\/wp-content\/uploads\/2025\/06\/2X5A6398-852.jpg",1,1,false],"woocommerce_gallery_thumbnail":["https:\/\/kathleenleroy.eu\/wp-content\/uploads\/2025\/06\/2X5A6398-852.jpg",1,1,false]},"uagb_author_info":{"display_name":"admin7184","author_link":"https:\/\/kathleenleroy.eu\/index.php\/author\/"},"uagb_comment_info":0,"uagb_excerpt":"Cours de 2h - cuissons et \u00e9maillage par mes soins","jetpack_sharing_enabled":true,"_links":{"self":[{"href":"https:\/\/kathleenleroy.eu\/index.php\/wp-json\/wp\/v2\/product\/1623","targetHints":{"allow":["GET"]}}],"collection":[{"href":"https:\/\/kathleenleroy.eu\/index.php\/wp-json\/wp\/v2\/product"}],"about":[{"href":"https:\/\/kathleenleroy.eu\/index.php\/wp-json\/wp\/v2\/types\/product"}],"replies":[{"embeddable":true,"href":"https:\/\/kathleenleroy.eu\/index.php\/wp-json\/wp\/v2\/comments?post=1623"}],"wp:featuredmedia":[{"embeddable":true,"href":"https:\/\/kathleenleroy.eu\/index.php\/wp-json\/wp\/v2\/media\/1537"}],"wp:attachment":[{"href":"https:\/\/kathleenleroy.eu\/index.php\/wp-json\/wp\/v2\/media?parent=1623"}],"wp:term":[{"taxonomy":"product_brand","embeddable":true,"href":"https:\/\/kathleenleroy.eu\/index.php\/wp-json\/wp\/v2\/product_brand?post=1623"},{"taxonomy":"product_cat","embeddable":true,"href":"https:\/\/kathleenleroy.eu\/index.php\/wp-json\/wp\/v2\/product_cat?post=1623"},{"taxonomy":"product_tag","embeddable":true,"href":"https:\/\/kathleenleroy.eu\/index.php\/wp-json\/wp\/v2\/product_tag?post=1623"}],"curies":[{"name":"wp","href":"https:\/\/api.w.org\/{rel}","templated":true}]}}