{"id":1612,"date":"2025-07-30T16:52:49","date_gmt":"2025-07-30T14:52:49","guid":{"rendered":"https:\/\/kathleenleroy.eu\/?post_type=product&#038;p=1612"},"modified":"2025-10-19T18:03:54","modified_gmt":"2025-10-19T16:03:54","slug":"cours-hebdomadaires","status":"publish","type":"product","link":"https:\/\/kathleenleroy.eu\/index.php\/product\/cours-hebdomadaires\/","title":{"rendered":"Cours hebdomadaires"},"content":{"rendered":"<div class=\"wp-block-uagb-container uagb-block-lkg0ifoh\">\n<div class=\"wp-block-uagb-info-box uagb-block-9gwku9ce uagb-infobox__content-wrap uagb-infobox-icon-above-title uagb-infobox-image-valign-top\">\n<div class=\"uagb-ifb-content\">\n<div class=\"uagb-ifb-title-wrap\">\n<p class=\"uagb-ifb-title-prefix\">Tous les lundis 18h30 \u2013 20h30<\/p>\n<p>Tous les vendredis 09h30-11h30<\/p>\n<p>Tous les samedi 10h &#8211; 12h<\/p>\n<h3 class=\"uagb-ifb-title\"><span id=\"cours-hebdomadaires\" class=\"uag-toc__heading-anchor\"><\/span>Cours hebdomadaires<\/h3>\n<\/div>\n<p class=\"uagb-ifb-desc\">Les cours hebdomadaires permettent de d\u00e9couvrir et\/ou<br \/>\napprofondir les techniques du modelage ou du tournage.<br \/>\nJe vous guiderai tout au long du processus de cr\u00e9ation : de la<br \/>\nterre brute \u00e0 l\u2019objet fini.<br \/>\nVous apprendrez \u00e0 fa\u00e7onner, d\u00e9corer, \u00e9mailler pour r\u00e9aliser vos pi\u00e8ces.<\/p>\n<p>Tout est compris: terre, engobes, \u00e9maux et cuissons comprises.<\/p>\n<\/div>\n<\/div>\n<div class=\"wp-block-uagb-buttons uagb-buttons__outer-wrap uagb-btn__default-btn uagb-btn-tablet__default-btn uagb-btn-mobile__default-btn uagb-block-yzk0ie0f\">\n<div class=\"uagb-buttons__wrap uagb-buttons-layout-wrap \">\n<div class=\"wp-block-uagb-buttons-child uagb-buttons__outer-wrap uagb-block-7a1draty wp-block-button\">\n<div class=\"uagb-button__wrapper\">\n<div class=\"uagb-button__link\">1 cours : 45\u20ac | 5 cours : 210\u20ac | 10 cours : 400\u20ac<\/div>\n<\/div>\n<\/div>\n<\/div>\n<\/div>\n<\/div>\n<div class=\"wp-block-uagb-container uagb-block-xwi2xzem\">\n<div class=\"wp-block-uagb-info-box uagb-block-6fay3ywc uagb-infobox__content-wrap uagb-infobox-icon-above-title uagb-infobox-image-valign-top\">\n<div class=\"uagb-ifb-content\">\n<div class=\"uagb-ifb-title-wrap\"><\/div>\n<\/div>\n<\/div>\n<\/div>\n","protected":false},"excerpt":{"rendered":"<p>Tous les lundis 18h30 \u2013 20h30 Tous les vendredis 09h30-11h30 Tous les samedi 10h &#8211; 12h Cours hebdomadaires Les cours hebdomadaires permettent de d\u00e9couvrir et\/ou approfondir les techniques du modelage ou du tournage. Je vous guiderai tout au long du processus de cr\u00e9ation : de la terre brute \u00e0 l\u2019objet fini. Vous apprendrez \u00e0 fa\u00e7onner, [&hellip;]<\/p>\n","protected":false},"featured_media":1466,"comment_status":"open","ping_status":"closed","template":"","meta":{"_uag_custom_page_level_css":""},"product_brand":[],"product_cat":[35],"product_tag":[],"class_list":{"0":"post-1612","1":"product","2":"type-product","3":"status-publish","4":"has-post-thumbnail","6":"product_cat-cours","8":"first","9":"instock","10":"shipping-taxable","11":"purchasable","12":"product-type-simple"},"uagb_featured_image_src":{"full":["https:\/\/kathleenleroy.eu\/wp-content\/uploads\/2025\/04\/Cours-modelage.jpg",0,0,false],"thumbnail":["https:\/\/kathleenleroy.eu\/wp-content\/uploads\/2025\/04\/Cours-modelage.jpg",1,1,false],"medium":["https:\/\/kathleenleroy.eu\/wp-content\/uploads\/2025\/04\/Cours-modelage.jpg",1,1,false],"medium_large":["https:\/\/kathleenleroy.eu\/wp-content\/uploads\/2025\/04\/Cours-modelage.jpg",1,1,false],"large":["https:\/\/kathleenleroy.eu\/wp-content\/uploads\/2025\/04\/Cours-modelage.jpg",1,1,false],"1536x1536":["https:\/\/kathleenleroy.eu\/wp-content\/uploads\/2025\/04\/Cours-modelage.jpg",1,1,false],"2048x2048":["https:\/\/kathleenleroy.eu\/wp-content\/uploads\/2025\/04\/Cours-modelage.jpg",1,1,false],"mailpoet_newsletter_max":["https:\/\/kathleenleroy.eu\/wp-content\/uploads\/2025\/04\/Cours-modelage.jpg",1,1,false],"woocommerce_thumbnail":["https:\/\/kathleenleroy.eu\/wp-content\/uploads\/2025\/04\/Cours-modelage.jpg",1,1,false],"woocommerce_single":["https:\/\/kathleenleroy.eu\/wp-content\/uploads\/2025\/04\/Cours-modelage.jpg",1,1,false],"woocommerce_gallery_thumbnail":["https:\/\/kathleenleroy.eu\/wp-content\/uploads\/2025\/04\/Cours-modelage.jpg",1,1,false]},"uagb_author_info":{"display_name":"admin7184","author_link":"https:\/\/kathleenleroy.eu\/index.php\/author\/"},"uagb_comment_info":0,"uagb_excerpt":"Tous les lundis 18h30 \u2013 20h30 Tous les vendredis 09h30-11h30 Tous les samedi 10h &#8211; 12h Cours hebdomadaires Les cours hebdomadaires permettent de d\u00e9couvrir et\/ou approfondir les techniques du modelage ou du tournage. Je vous guiderai tout au long du processus de cr\u00e9ation : de la terre brute \u00e0 l\u2019objet fini. Vous apprendrez \u00e0 fa\u00e7onner,\u2026","jetpack_sharing_enabled":true,"_links":{"self":[{"href":"https:\/\/kathleenleroy.eu\/index.php\/wp-json\/wp\/v2\/product\/1612","targetHints":{"allow":["GET"]}}],"collection":[{"href":"https:\/\/kathleenleroy.eu\/index.php\/wp-json\/wp\/v2\/product"}],"about":[{"href":"https:\/\/kathleenleroy.eu\/index.php\/wp-json\/wp\/v2\/types\/product"}],"replies":[{"embeddable":true,"href":"https:\/\/kathleenleroy.eu\/index.php\/wp-json\/wp\/v2\/comments?post=1612"}],"wp:featuredmedia":[{"embeddable":true,"href":"https:\/\/kathleenleroy.eu\/index.php\/wp-json\/wp\/v2\/media\/1466"}],"wp:attachment":[{"href":"https:\/\/kathleenleroy.eu\/index.php\/wp-json\/wp\/v2\/media?parent=1612"}],"wp:term":[{"taxonomy":"product_brand","embeddable":true,"href":"https:\/\/kathleenleroy.eu\/index.php\/wp-json\/wp\/v2\/product_brand?post=1612"},{"taxonomy":"product_cat","embeddable":true,"href":"https:\/\/kathleenleroy.eu\/index.php\/wp-json\/wp\/v2\/product_cat?post=1612"},{"taxonomy":"product_tag","embeddable":true,"href":"https:\/\/kathleenleroy.eu\/index.php\/wp-json\/wp\/v2\/product_tag?post=1612"}],"curies":[{"name":"wp","href":"https:\/\/api.w.org\/{rel}","templated":true}]}}